{"id":269,"date":"2024-06-26T15:11:29","date_gmt":"2024-06-26T15:11:29","guid":{"rendered":"https:\/\/spawnwatchingpilot.a2hosted.com\/wordpress_G\/?page_id=269"},"modified":"2024-07-25T01:51:28","modified_gmt":"2024-07-25T01:51:28","slug":"contact","status":"publish","type":"page","link":"https:\/\/spawnwatch.org\/?page_id=269","title":{"rendered":"Contact"},"content":{"rendered":"\n<figure class=\"wp-block-image aligncenter size-full is-resized animated swing delay-1s slower o-anim-hover wp-duotone-rgb41121220-rgb216242201-1\"><img loading=\"lazy\" decoding=\"async\" width=\"1147\" height=\"1147\" src=\"https:\/\/spawnwatch.org\/wordpress_G\/wp-content\/uploads\/2024\/06\/Graph-2@3x.png\" alt=\"\" class=\"wp-image-298\" style=\"width:269px;height:auto\" srcset=\"https:\/\/spawnwatch.org\/wp-content\/uploads\/2024\/06\/Graph-2@3x.png 1147w, https:\/\/spawnwatch.org\/wp-content\/uploads\/2024\/06\/Graph-2@3x-300x300.png 300w, https:\/\/spawnwatch.org\/wp-content\/uploads\/2024\/06\/Graph-2@3x-1024x1024.png 1024w, https:\/\/spawnwatch.org\/wp-content\/uploads\/2024\/06\/Graph-2@3x-150x150.png 150w, https:\/\/spawnwatch.org\/wp-content\/uploads\/2024\/06\/Graph-2@3x-768x768.png 768w\" sizes=\"auto, (max-width: 1147px) 100vw, 1147px\" \/><\/figure>\n\n\n\n<p class=\"has-text-color has-link-color has-large-font-size wp-elements-0e58056b6add3b173effac66007b071c\" style=\"color:#f9e8da;font-style:normal;font-weight:700;text-transform:capitalize\"><strong>Contact Us<\/strong><\/p>\n\n\n\n<div class=\"wp-block-wavy-wavy-divider alignfull has-background\" style=\"background-color:#003dbf24\"><svg fill=\"none\" role=\"separator\" viewBox=\"0 0 100 100\" preserveAspectRatio=\"none\" aria-orientation=\"horizontal\" aria-hidden=\"true\" style=\"height:100px;width:100%;display:block\"><path style=\"transition:all .5s ease;opacity:0.3\" fill=\"#003dbf24\" d=\"M 0,66 S 7,63 14,50 S 20,50 26,36 S 32,30 39,58 S 45,26 51,23 S 57,37 64,15 S 70,24 76,60 S 82,67 89,68 S 95,78 100,60 V 0 H 0 Z\"><\/path><\/svg><\/div>\n\n\n\n<p class=\"has-text-color has-link-color wp-elements-323bd14bb25dd74c804aea102c25f74b\" style=\"color:#071e6b;font-style:normal;font-weight:700;text-transform:capitalize\">Do you have questions or feedback, or want to contribute to our coral spawn observation database? Drop us a message below and we&#8217;ll get back to you as soon as possible.<\/p>\n\n\n\n<p class=\"has-text-color has-link-color wp-elements-fa5d90115de625b636f159c3c9065c45\" style=\"color:#f9e8da;font-style:normal;font-weight:700;text-transform:capitalize\"><strong>Cont\u00e1ctanos<\/strong><\/p>\n\n\n\n<p class=\"has-text-color has-link-color wp-elements-fdd9b916a46503d226c3c56159e42a8c\" style=\"color:#071e6b;font-style:normal;font-weight:700;text-transform:capitalize\">\u00bfTienes preguntas, comentarios o quieres contribuir a nuestra base de datos de observaci\u00f3n de desove de coral? Env\u00edanos un mensaje a continuaci\u00f3n y te responderemos lo antes posible.<\/p>\n\n\n\n<p><\/p>\n\n\n<style id=\"wpforms-css-vars-271-block-66f4a653-d40b-4d71-975a-a1afe91353bc\">\n\t\t\t\t#wpforms-271.wpforms-block-66f4a653-d40b-4d71-975a-a1afe91353bc {\n\t\t\t\t--wpforms-label-color: #d3f0fa;\n--wpforms-label-sublabel-color: #f9e8da;\n--wpforms-field-border-color: #f9e8da;\n--wpforms-field-border-color-spare: #f9e8da;\n--wpforms-field-text-color: #111111;\n--wpforms-button-background-color: #ffa761;\n--wpforms-page-break-color: #8cdff5;\n--wpforms-background-url: ;\n--wpforms-field-size-input-height: 43px;\n--wpforms-field-size-input-spacing: 15px;\n--wpforms-field-size-font-size: 16px;\n--wpforms-field-size-line-height: 19px;\n--wpforms-field-size-padding-h: 14px;\n--wpforms-field-size-checkbox-size: 16px;\n--wpforms-field-size-sublabel-spacing: 5px;\n--wpforms-field-size-icon-size: 1;\n--wpforms-label-size-font-size: 16px;\n--wpforms-label-size-line-height: 19px;\n--wpforms-label-size-sublabel-font-size: 14px;\n--wpforms-label-size-sublabel-line-height: 17px;\n--wpforms-button-size-font-size: 17px;\n--wpforms-button-size-height: 41px;\n--wpforms-button-size-padding-h: 15px;\n--wpforms-button-size-margin-top: 10px;\n--wpforms-container-shadow-size-box-shadow: none;\n\t\t\t}\n\t\t\t<\/style><div class=\"wpforms-container wpforms-container-full wpforms-block wpforms-block-66f4a653-d40b-4d71-975a-a1afe91353bc wpforms-render-modern\" id=\"wpforms-271\"><form id=\"wpforms-form-271\" class=\"wpforms-validate wpforms-form wpforms-ajax-form\" data-formid=\"271\" method=\"post\" enctype=\"multipart\/form-data\" action=\"\/index.php?rest_route=%2Fwp%2Fv2%2Fpages%2F269\" data-token=\"fd7fb9e648173541b20d0539be673782\" data-token-time=\"1777511966\"><noscript class=\"wpforms-error-noscript\">Please enable JavaScript in your browser to complete this form.<\/noscript><div id=\"wpforms-error-noscript\" style=\"display: none;\">Please enable JavaScript in your browser to complete this form.<\/div><div class=\"wpforms-field-container\"><div id=\"wpforms-271-field_0-container\" class=\"wpforms-field wpforms-field-name\" data-field-id=\"0\"><label class=\"wpforms-field-label\" for=\"wpforms-271-field_0\">Name\/ Nombre <span class=\"wpforms-required-label\" aria-hidden=\"true\">*<\/span><\/label><input type=\"text\" id=\"wpforms-271-field_0\" class=\"wpforms-field-medium wpforms-field-required\" name=\"wpforms[fields][0]\" aria-errormessage=\"wpforms-271-field_0-error\" aria-describedby=\"wpforms-271-field_0-description\" required><div id=\"wpforms-271-field_0-description\" class=\"wpforms-field-description\">First and Last Name\/ Nombre y Apellido <\/div><\/div><div id=\"wpforms-271-field_1-container\" class=\"wpforms-field wpforms-field-email\" data-field-id=\"1\"><label class=\"wpforms-field-label\" for=\"wpforms-271-field_1\">Email\/ Correo electronico <span class=\"wpforms-required-label\" aria-hidden=\"true\">*<\/span><\/label><input type=\"email\" id=\"wpforms-271-field_1\" class=\"wpforms-field-medium wpforms-field-required\" name=\"wpforms[fields][1]\" spellcheck=\"false\" aria-errormessage=\"wpforms-271-field_1-error\" required><\/div><div id=\"wpforms-271-field_2-container\" class=\"wpforms-field wpforms-field-textarea\" data-field-id=\"2\"><label class=\"wpforms-field-label\" for=\"wpforms-271-field_2\">Message\/ Mensaje<\/label><textarea id=\"wpforms-271-field_2\" class=\"wpforms-field-medium\" name=\"wpforms[fields][2]\" aria-errormessage=\"wpforms-271-field_2-error\" ><\/textarea><\/div><div id=\"wpforms-271-field_3-container\" class=\"wpforms-field wpforms-field-captcha\" data-field-id=\"3\"><label class=\"wpforms-field-label\" for=\"wpforms-271-field_3\">Quick Check: Are You Human? <span class=\"wpforms-required-label\" aria-hidden=\"true\">*<\/span><\/label><p id=\"wpforms-271-field_3-question\" class=\"wpforms-captcha-question\">What is 7+4?<\/p>\n\t\t<input type=\"text\" id=\"wpforms-271-field_3\" class=\"wpforms-field-medium wpforms-field-required a\" data-rule-wpf-captcha=\"qa\" data-is-wrapped-field=\"1\" data-a=\"11\" name=\"wpforms[fields][3][a]\" aria-errormessage=\"wpforms-271-field_3-error\" aria-describedby=\"wpforms-271-field_3-question\" required>\n\t\t<input type=\"hidden\" name=\"wpforms[fields][3][q]\" value=\"1\">\n\n\t\t<\/div><\/div><!-- .wpforms-field-container --><div class=\"wpforms-submit-container\" ><input type=\"hidden\" name=\"wpforms[id]\" value=\"271\"><input type=\"hidden\" name=\"page_title\" value=\"\"><input type=\"hidden\" name=\"page_url\" value=\"https:\/\/spawnwatch.org\/index.php?rest_route=\/wp\/v2\/pages\/269\"><input type=\"hidden\" name=\"url_referer\" value=\"\"><button type=\"submit\" name=\"wpforms[submit]\" id=\"wpforms-submit-271\" class=\"wpforms-submit\" data-alt-text=\"Sending...\" data-submit-text=\"Submit\/ Enviar\" aria-live=\"assertive\" value=\"wpforms-submit\">Submit\/ Enviar<\/button><img loading=\"lazy\" decoding=\"async\" src=\"https:\/\/spawnwatch.org\/wp-content\/plugins\/wpforms\/assets\/images\/submit-spin.svg\" class=\"wpforms-submit-spinner\" style=\"display: none;\" width=\"26\" height=\"26\" alt=\"Loading\"><\/div><\/form><\/div>  <!-- .wpforms-container -->","protected":false},"excerpt":{"rendered":"<p>Contact Us Do you have questions or feedback, or want to contribute to our coral spawn observation database? Drop us a message below and we&#8217;ll get back to you as [&hellip;]<\/p>\n","protected":false},"author":1,"featured_media":0,"parent":0,"menu_order":0,"comment_status":"closed","ping_status":"closed","template":"","meta":{"_acf_changed":false,"_gspb_post_css":"","_EventAllDay":false,"_EventTimezone":"","_EventStartDate":"","_EventEndDate":"","_EventStartDateUTC":"","_EventEndDateUTC":"","_EventShowMap":false,"_EventShowMapLink":false,"_EventURL":"","_EventCost":"","_EventCostDescription":"","_EventCurrencySymbol":"","_EventCurrencyCode":"","_EventCurrencyPosition":"","_EventDateTimeSeparator":"","_EventTimeRangeSeparator":"","_EventOrganizerID":[],"_EventVenueID":[],"_OrganizerEmail":"","_OrganizerPhone":"","_OrganizerWebsite":"","_VenueAddress":"","_VenueCity":"","_VenueCountry":"","_VenueProvince":"","_VenueState":"","_VenueZip":"","_VenuePhone":"","_VenueURL":"","_VenueStateProvince":"","_VenueLat":"","_VenueLng":"","_VenueShowMap":false,"_VenueShowMapLink":false,"footnotes":"","_links_to":"","_links_to_target":""},"class_list":["post-269","page","type-page","status-publish","hentry"],"acf":[],"_links":{"self":[{"href":"https:\/\/spawnwatch.org\/index.php?rest_route=\/wp\/v2\/pages\/269","targetHints":{"allow":["GET"]}}],"collection":[{"href":"https:\/\/spawnwatch.org\/index.php?rest_route=\/wp\/v2\/pages"}],"about":[{"href":"https:\/\/spawnwatch.org\/index.php?rest_route=\/wp\/v2\/types\/page"}],"author":[{"embeddable":true,"href":"https:\/\/spawnwatch.org\/index.php?rest_route=\/wp\/v2\/users\/1"}],"replies":[{"embeddable":true,"href":"https:\/\/spawnwatch.org\/index.php?rest_route=%2Fwp%2Fv2%2Fcomments&post=269"}],"version-history":[{"count":25,"href":"https:\/\/spawnwatch.org\/index.php?rest_route=\/wp\/v2\/pages\/269\/revisions"}],"predecessor-version":[{"id":907,"href":"https:\/\/spawnwatch.org\/index.php?rest_route=\/wp\/v2\/pages\/269\/revisions\/907"}],"wp:attachment":[{"href":"https:\/\/spawnwatch.org\/index.php?rest_route=%2Fwp%2Fv2%2Fmedia&parent=269"}],"curies":[{"name":"wp","href":"https:\/\/api.w.org\/{rel}","templated":true}]}}